{"id":712,"date":"2018-02-26T10:20:04","date_gmt":"2018-02-26T08:20:04","guid":{"rendered":"https:\/\/karrier.dyntell.com\/?page_id=712"},"modified":"2025-01-06T12:58:23","modified_gmt":"2025-01-06T10:58:23","slug":"tanacsadoi-reszleg","status":"publish","type":"page","link":"https:\/\/karrier.dyntell.com\/index.php\/tanacsadoi-reszleg\/","title":{"rendered":"Tan\u00e1csad\u00f3i r\u00e9szleg"},"content":{"rendered":"<h3>Kik vagyunk?<\/h3>\n<p>A tan\u00e1csad\u00f3i csapat jelenleg 14 f\u0151b\u0151l \u00e1ll, 4 vezet\u0151 tan\u00e1csad\u00f3val, 2 p\u00e9nz\u00fcgyi szaktan\u00e1csad\u00f3val, \u00e9s 6 junior tan\u00e1csad\u00f3val b\u00fcszk\u00e9lkedhet\u00fcnk.<\/p>\n<p>T\u00f3th Attila a r\u00e9szleg vezet\u0151je, Reha Kl\u00e1ra pedig projekt menedzserk\u00e9nt vesz r\u00e9sz a csapat munk\u00e1j\u00e1nak koordin\u00e1l\u00e1s\u00e1ban. Mindketten m\u00e1r k\u00f6zel 10 \u00e9ve er\u0151s\u00edtik a Dyntell csapat\u00e1t, a r\u00e9szleg m\u0171k\u00f6d\u00e9s\u00e9t, illetve az alkalmazott m\u00f3dszertanokat T\u00f3th Attila ir\u00e1ny\u00edt\u00e1s\u00e1val alak\u00edtottuk ki.<\/p>\n<p>&nbsp;<\/p>\n<h3>Mit csin\u00e1lunk?<\/h3>\n<p>A tan\u00e1csad\u00e1son t\u00f6rt\u00e9nik a projekt bevezet\u00e9se, az \u00fcgyf\u00e9l fej\u00e9ben megfordul\u00f3 ig\u00e9nyeket mi \u00f6ntj\u00fck \u201eERP\u201d form\u00e1ba \u00e9s t\u00f6k\u00e9letes\u00edtj\u00fck ez\u00e1ltal az \u00fcgyf\u00e9l folyamatait, hat\u00e9konyabb\u00e1 tessz\u00fck m\u0171k\u00f6d\u00e9s\u00e9t.<\/p>\n<p>A tan\u00e1csad\u00f3 felel\u0151ss\u00e9ge a kapott projekt bevezet\u00e9se a v\u00e1llalt b\u00fcdzs\u00e9n bel\u00fcl, a k\u00e9rt funkcionalit\u00e1ssal, a megbesz\u00e9lt hat\u00e1rid\u0151re. Az \u0151 feladata a projektj\u00e9n dolgoz\u00f3 m\u00e1s tan\u00e1csad\u00f3k munk\u00e1j\u00e1nak koordin\u00e1l\u00e1sa, kommunik\u00e1l\u00e1s a feladatok megval\u00f3s\u00edt\u00e1s\u00e1ban r\u00e9szt vev\u0151 fejleszt\u0151kkel \u00e9s supportos koll\u00e9g\u00e1kkal.<\/p>\n<p>Elsz\u00e1mol\u00e1ssal tartozik az id\u0151beoszt\u00e1sa, feladatai teljes\u00edt\u00e9se kapcs\u00e1n a Dyntell r\u00e9sz\u00e9re, erre szolg\u00e1lnak a bels\u0151 adminisztr\u00e1ci\u00f3s k\u00f6telezetts\u00e9gek.<\/p>\n<p><u>Bels\u0151 feladatok<\/u><\/p>\n<ul>\n<li>Bels\u0151 munk\u00e1ja adminisztr\u00e1l\u00e1sa<\/li>\n<li>Bels\u0151 oktat\u00e1sok<\/li>\n<li>Term\u00e9kvonali fejleszt\u00e9sek specifik\u00e1l\u00e1sa a fejleszt\u00e9s sz\u00e1m\u00e1ra<\/li>\n<li>B\u00e1rmilyen komolyabb \u00fczemeltet\u00e9si probl\u00e9ma elh\u00e1r\u00edt\u00e1sa<\/li>\n<li>R\u00e9szv\u00e9tel a bels\u0151 rendezv\u00e9nyeken<\/li>\n<\/ul>\n<p>Elsz\u00e1mol\u00e1ssal tartozik az \u00dcgyf\u00e9l fel\u00e9 a megbesz\u00e9lt feladatok v\u00e9grehajt\u00e1sa, hat\u00e1rid\u0151k betart\u00e1sa, a megbesz\u00e9ltek megfelel\u0151 dokument\u00e1l\u00e1sa kapcs\u00e1n, erre szolg\u00e1lnak a k\u00fcls\u0151 adminisztr\u00e1ci\u00f3s k\u00f6telezetts\u00e9gek.<\/p>\n<p><u>Projekt feladatok<\/u><\/p>\n<ul>\n<li>Adminisztr\u00e1ci\u00f3<\/li>\n<li>Teljes projekt menedzsel\u00e9se<\/li>\n<li>Tov\u00e1bbi projekt team tagok koordin\u00e1l\u00e1sa<\/li>\n<li>Projekt felm\u00e9r\u00e9s<\/li>\n<li>Kulcsfelhaszn\u00e1l\u00f3 kiv\u00e1laszt\u00e1sa<\/li>\n<li>Koncepci\u00f3s terv<\/li>\n<li>Rendszerterv k\u00e9sz\u00edt\u00e9se<\/li>\n<li>Projekt\u00fctemterv k\u00e9sz\u00edt\u00e9s<\/li>\n<li>Fejleszt\u00e9sek specifik\u00e1l\u00e1sa<\/li>\n<li>Protot\u00edpus bemutat\u00e1sa<\/li>\n<li>Oktat\u00e1s \u00e9s vizsg\u00e1ztat\u00e1s<\/li>\n<li>Teszt \u00e9s \u00e9les \u00fczem fel\u00fcgyelet<\/li>\n<li>Projekt lez\u00e1r\u00e1sa \u00e9s suppotra \u00e1tad\u00e1s<\/li>\n<\/ul>\n<p>A fentiek alapj\u00e1n teh\u00e1t a tan\u00e1csad\u00f3i r\u00e9szlegen t\u00f6rt\u00e9nik az \u00e9rt\u00e9kes\u00edt\u00e9st\u0151l kapott projekt r\u00e9szletes felm\u00e9r\u00e9se, az ig\u00e9nyek, pontos folyamatok meghat\u00e1roz\u00e1sa, melyre azt\u00e1n a param\u00e9terez\u00e9sek \u00e1ltal r\u00e1 lesz szabva a Dyntell ERP rendszer.<\/p>\n<p>A tan\u00e1csad\u00e1s v\u00e9gzi az \u00fcgyfelek oktat\u00e1s\u00e1t, a rendszer \u00e9les haszn\u00e1lat\u00e1ra val\u00f3 felk\u00e9sz\u00edt\u00e9s\u00e9t is, mely sor\u00e1n a k\u00e9s\u0151bbiekben is haszn\u00e1lhat\u00f3, c\u00e9gre szabott felhaszn\u00e1l\u00f3i k\u00e9zik\u00f6nyv is k\u00e9sz\u00fcl.<\/p>\n<p>A projekt eg\u00e9szen addig van tan\u00e1csad\u00e1son, am\u00edg van olyan nyitott feladat, mely a folyamatok kialak\u00edt\u00e1s\u00e1t, param\u00e9terez\u00e9s\u00e9t \u00e9rinti. Amennyiben m\u00e1r csak \u00fczemeltet\u00e9s jelleg\u0171 teend\u0151k vannak h\u00e1tra, a projekt \u00e1tker\u00fcl supportra.<\/p>\n<p>&nbsp;<\/p>\n<h3>Szem\u00e9lyis\u00e9g<\/h3>\n<p>Milyen t\u00edpus\u00fa emberek sz\u00e1m\u00e1ra t\u00f6k\u00e9letes ez a munkak\u00f6r?<strong> Az al\u00e1bbi kompetenci\u00e1k kiemelten fontosak:<\/strong><\/p>\n<ul>\n<li>Komfort z\u00f3na \u00e1tl\u00e9p\u00e9se<\/li>\n<li>Magas fok\u00fa probl\u00e9mamegold\u00f3 k\u00e9szs\u00e9g<\/li>\n<li>T\u00e1rgyal\u00e1stechnika<\/li>\n<li>Testbesz\u00e9d<\/li>\n<li>Konfliktuskezel\u00e9s<\/li>\n<li>Id\u0151gazd\u00e1lkod\u00e1s<\/li>\n<li>Innov\u00e1ci\u00f3s szeml\u00e9let<\/li>\n<li>C\u00e9lorient\u00e1lts\u00e1g<\/li>\n<li>Hat\u00e1rozotts\u00e1g<\/li>\n<li>P\u00e1rhuzamos koncentr\u00e1ci\u00f3<\/li>\n<li>Er\u0151s vezet\u0151i k\u00e9pess\u00e9g<\/li>\n<li>Deleg\u00e1l\u00e1s<\/li>\n<li>Megfelel\u0151 hozz\u00e1\u00e1ll\u00e1s<\/li>\n<li>Szorgalom<\/li>\n<li>Folyamatos tanul\u00e1s<\/li>\n<li>Proaktivit\u00e1s<\/li>\n<li>Csapatj\u00e1t\u00e9k<\/li>\n<\/ul>\n<p><strong>\u00a0<\/strong><\/p>\n<h3>Szerepek \u00e9s poz\u00edci\u00f3k<\/h3>\n<p><u>Projektigazgat\u00f3<\/u><\/p>\n<p>A projektigazgat\u00f3 felel a projekt\u00e9rt a support \u00e1tad\u00e1sig. Minden felmer\u00fcl\u0151 probl\u00e9m\u00e1val \u0151t kell keresni a tan\u00e1csad\u00f3knak. Emellett az \u0151 feladata<\/p>\n<ul>\n<li>a tan\u00e1csad\u00f3i csapat vezet\u00e9se,<\/li>\n<li>heti megbesz\u00e9l\u00e9sek levez\u00e9nyl\u00e9se<\/li>\n<li>h\u00f3napz\u00e1r\u00f3 megbesz\u00e9l\u00e9sek levez\u00e9nyl\u00e9se<\/li>\n<li>kritikus \u00fcgyfelek kezel\u00e9se<\/li>\n<li>id\u0151szakonk\u00e9nt projekttal\u00e1lkoz\u00f3k \u00e1ltal projektfel\u00fcgyelet<\/li>\n<li>projektek p\u00e9nz\u00fcgyeinek k\u00e9zben tart\u00e1sa<\/li>\n<li>tan\u00e1csad\u00f3i T\u00c9R rendszer<\/li>\n<li>\u00faj koll\u00e9g\u00e1k felv\u00e9tele<\/li>\n<\/ul>\n<p><u>Projekt menedzser<\/u><\/p>\n<p>Feladata, hogy a projektigazgat\u00f3 munk\u00e1j\u00e1t el\u0151seg\u00edtse a sz\u00e1m\u00e1ra fontos inform\u00e1ci\u00f3k el\u0151k\u00e9sz\u00edt\u00e9s\u00e9vel, ak\u00e1r a projekteket, ak\u00e1r a tan\u00e1csad\u00f3kat illet\u0151en. Ezen bel\u00fcl feladata<\/p>\n<ul>\n<li>projekt elsz\u00e1mol\u00e1sok k\u00e9sz\u00edt\u00e9se tan\u00e1csad\u00e1s alatt l\u00e9v\u0151 projektekn\u00e9l havonta<\/li>\n<li>tan\u00e1csad\u00f3i havi z\u00e1r\u00e1sok k\u00e9sz\u00edt\u00e9se<\/li>\n<li>h\u00f3napz\u00e1r\u00f3 megbesz\u00e9l\u00e9sek szervez\u00e9se, \u00e9s azokon r\u00e9szv\u00e9tel a projektigazgat\u00f3val<\/li>\n<li>a projektigazgat\u00f3 \u00e1ltal kijel\u00f6lt projektek fel\u00fcgyelete<\/li>\n<li>tan\u00e1csad\u00f3i tal\u00e1lkoz\u00f3k szervez\u00e9se<\/li>\n<li>projektigazgat\u00f3 \u00e1ltal kijel\u00f6lt eseti teend\u0151k megval\u00f3s\u00edt\u00e1sa, v\u00e9grehajt\u00e1s\u00e1nak menedzsel\u00e9se<\/li>\n<li>egy\u00e9b, tan\u00e1csad\u00f3i r\u00e9szleget \u00e9rint\u0151 bels\u0151 teend\u0151k (pl. bels\u0151 oktat\u00f3 anyagok k\u00e9sz\u00edt\u00e9s\u00e9nek menedzsel\u00e9se, gyakornoki program szervez\u00e9s\u00e9ben k\u00f6zrem\u0171k\u00f6d\u00e9s stb.)<\/li>\n<li>a projektigazgat\u00f3 t\u00e1voll\u00e9te eset\u00e9n az \u0151 helyettes\u00edt\u00e9se<\/li>\n<\/ul>\n<p><u>Projektvezet\u0151 tan\u00e1csad\u00f3<\/u><\/p>\n<p>\u00d6sszefogja a projektet \u00e9s koordin\u00e1lja minden tan\u00e1csad\u00f3 munk\u00e1j\u00e1t, fejleszt\u00e9seket. R\u00e9szt vesz a projektind\u00edt\u00e1son. Rendszerfelm\u00e9r\u00e9st \u0151 vezeti \u00e9s tartja, a feladatai k\u00f6z\u00e9 tartozik m\u00e9g a tervez\u00e9s \u00e9s az \u00fctemez\u00e9s, illetve a rendszer \u00e9les haszn\u00e1lat\u00e1nak ind\u00edt\u00e1s\u00e1n\u00e1l a kezdeti l\u00e9p\u00e9sek koordin\u00e1l\u00e1sa. B\u00e1rmilyen fennakad\u00e1s van, t\u00e1j\u00e9koztatnia kell a projektigazgat\u00f3t.<\/p>\n<p><u>Tan\u00e1csad\u00f3<\/u><\/p>\n<p>Azokat a dolgokat v\u00e9gzi, amiket a projektvezet\u0151 tan\u00e1csad\u00f3 r\u00e1oszt. Ha egyed\u00fcl v\u00e9gez valamit \u00e9s fennakad\u00e1s van, ezekr\u0151l t\u00e1j\u00e9koztatnia kell a projektvezet\u0151t.<\/p>\n<p>\u0150 k\u00e9sz\u00edti a k\u00fcl\u00f6nb\u00f6z\u0151 dokumentumokat, az install\u00e1l\u00e1st, rendszerparam\u00e9terez\u00e9seket \u00e9s a testreszab\u00e1st, illetve \u0151 tartja a kulcsfelhaszn\u00e1l\u00f3i oktat\u00e1sokat.<\/p>\n<p><u>Gyakornok tan\u00e1csad\u00f3 \/ Tan\u00e1csad\u00f3 munkat\u00e1rs<\/u><\/p>\n<p>Azokat kisebb, h\u00e1tt\u00e9rfeladatokat v\u00e9gzi a projektben, amit a projektvezet\u0151 tan\u00e1csad\u00f3 vagy a tan\u00e1csad\u00f3 r\u00e1oszt. (P\u00e9ld\u00e1ul importok, kisebb oktat\u00e1sok, \u00fcgyfellel val\u00f3 egyeztet\u00e9sek, adminisztr\u00e1ci\u00f3, stb.) Munkav\u00e9gz\u00e9s\u00e9\u00e9rt az \u0151t vezet\u0151 tan\u00e1csad\u00f3 felel\u0151s. Id\u0151beoszt\u00e1s\u00e1t \u00e9s feladatait szint\u00e9n az \u0151t vezet\u0151 tan\u00e1csad\u00f3val egyezteti.<\/p>\n<p><u>P\u00e9nz\u00fcgyi szaktan\u00e1csad\u00f3<\/u><\/p>\n<p>P\u00e9nz\u00fcgyi, sz\u00e1mviteli ter\u00fcletek\u00e9rt felel, egy \u00f6n\u00e1ll\u00f3 projektk\u00e9nt v\u00e9gzi azokat. A projekt k\u00fcl\u00f6nb\u00f6z\u0151 szakaszaiban (felm\u00e9r\u00e9s, param\u00e9terez\u00e9s) kommunik\u00e1l a projektvezet\u0151vel.<\/p>\n<p><u>B\u00e9r szaktan\u00e1csad\u00f3<\/u><\/p>\n<p>A b\u00e9r modullal kapcsolatos ter\u00fcletek\u00e9rt felel, egy \u00f6n\u00e1ll\u00f3 projektk\u00e9nt v\u00e9gzi azokat. A projekt k\u00fcl\u00f6nb\u00f6z\u0151 szakaszaiban (felm\u00e9r\u00e9s, param\u00e9terez\u00e9s) kommunik\u00e1l a projektvezet\u0151vel.<\/p>\n<p>&nbsp;<\/p>\n<h3>V\u00e9gezet\u00fcl&#8230;<\/h3>\n<p>A bevezet\u00e9s id\u0151szak\u00e1ban szinte r\u00e9sz\u00e9v\u00e9 v\u00e1lik az \u00dcgyf\u00e9l c\u00e9g\u00e9nek a tan\u00e1csad\u00f3, egy bizalmi viszony alakul ki k\u00f6z\u00f6tt\u00fck. A helysz\u00edni napok sor\u00e1n igyekszik min\u00e9l jobban megismerni a c\u00e9g folyamatait, koll\u00e9g\u00e1it, annak \u00e9rdek\u00e9ben, hogy min\u00e9l jobban testre tudja szabni a rendszert.<\/p>\n<p>A bevezet\u00e9s sor\u00e1n kiemelten fontos az inform\u00e1ci\u00f3 \u00e1raml\u00e1s, az \u00dcgyfelek r\u00e9sz\u00e9r\u0151l is minden probl\u00e9m\u00e1t, megjegyz\u00e9st, k\u00e9r\u00e9st \u00e9s \u00e9szrev\u00e9telt megfelel\u0151 priorit\u00e1ssal, \u00e9s s\u00fallyal kell kezelni, \u00e9s amennyiben az \u00fcgy megk\u00edv\u00e1nja, ezeknek el kell jutni a c\u00e9g\u00fcnk\u00f6n bel\u00fcl a megfelel\u0151 vezet\u0151i szintekre id\u0151ben.<\/p>\n<p>Fontos, hogy a projekt menet\u00e9r\u0151l, a k\u00f6vetkez\u0151 l\u00e9p\u00e9sekr\u0151l az \u00dcgyfelet folyamatosan t\u00e1j\u00e9koztatni kell, \u00e9s gondoskodni kell arr\u00f3l is, hogy az \u00dcgyf\u00e9ln\u00e9l, h\u00e1zon bel\u00fcl is megfelel\u0151en legyenek tov\u00e1bb\u00edtva az inform\u00e1ci\u00f3k, le teljesen a legoperat\u00edvabb szintekig, akik valamilyen szinten r\u00e9szt vesznek a bevezet\u00e9sben.<\/p>\n<p>\u00c9ppen ez\u00e9rt nagyon fontos, hogy a tan\u00e1csad\u00f3 j\u00f3 projektvezet\u0151i \u00e9s menedzseri k\u00e9pess\u00e9gekkel rendelkezzen.<\/p>\n<p><a href=\"https:\/\/karrier.dyntell.com\/#allasajanlataink\"><span style=\"color: #0678be;\"><b>Ismerd meg a nyitott poz\u00edci\u00f3inkat<\/b><\/span><\/a><\/p>\n<p>&nbsp;<\/p>\n<h3 class=\"border\">KOLL\u00c9G\u00c1INK MONDT\u00c1K<\/h3>\n<p><strong><img loading=\"lazy\" decoding=\"async\" class=\"wp-image-146\" style=\"float: left; padding-top: 10px; padding-right: 15px;\" title=\"BOG\u00c1NCS B\u00c1LINT, Senior ERP szak\u00e9rt\u0151\" src=\"http:\/\/karrier.dyntell.com\/wp-content\/uploads\/2018\/01\/Bogancs-Balint-Tanacsado-munkatars.png\" alt=\"BOG\u00c1NCS B\u00c1LINT, Senior ERP szak\u00e9rt\u0151\" width=\"178\" height=\"178\" \/><\/strong><\/p>\n<p><strong>BOG\u00c1NCS B\u00c1LINT, Senior ERP\u00a0szak\u00e9rt\u0151<\/strong><\/p>\n<p>2013 nyar\u00e1n csatlakoztam a Dyntell csapat\u00e1hoz, akkor m\u00e9g support munkat\u00e1rsk\u00e9nt. Feladataim k\u00f6z\u00e9 tartozott els\u0151sorban a k\u00f6nyvel\u0151 modul elsaj\u00e1t\u00edt\u00e1sa, valamint \u00fcgyfeleink k\u00fcl\u00f6nb\u00f6z\u0151 p\u00e9nz\u00fcgyi \u00e9s sz\u00e1mviteli k\u00e9r\u00e9seinek megold\u00e1sa. Az \u00e9vek el\u0151rehaladt\u00e1val tan\u00e1csad\u00f3v\u00e1 l\u00e9ptem el\u0151re \u00e9s ez\u00e1ltal t\u00f6bb saj\u00e1t projektet is kaptam, melyeket magam is vezettem be. Mindig nagy kih\u00edv\u00e1snak tal\u00e1lom az \u00faj \u00fcgyfelek k\u00fcl\u00f6nb\u00f6z\u0151 ig\u00e9nyeit, legf\u0151k\u00e9pp az\u00e9rt, mert folyamatosan testreszabott megold\u00e1sokra t\u00f6reksz\u00fcnk.<br \/>\nA munka mellett igyekszem a lehet\u0151 legt\u00f6bb id\u0151t a csal\u00e1dommal t\u00f6lteni. Feles\u00e9gemmel egy\u00fctt nagyon b\u00fcszk\u00e9k vagyunk 14 h\u00f3napos kisl\u00e1nyunkra, akinek l\u00e1tni fejl\u0151d\u00e9s\u00e9t nap mint nap, hatalmas \u00f6r\u00f6mmel t\u00f6lt el minket.<\/p>\n<div id=\"gtx-trans\" style=\"position: absolute; left: 1202px; top: 3240.63px;\"><\/div>\n","protected":false},"excerpt":{"rendered":"<p>Kik vagyunk? A tan\u00e1csad\u00f3i csapat jelenleg 14 f\u0151b\u0151l \u00e1ll, 4 vezet\u0151 tan\u00e1csad\u00f3val, 2 p\u00e9nz\u00fcgyi szaktan\u00e1csad\u00f3val, \u00e9s 6 junior tan\u00e1csad\u00f3val b\u00fcszk\u00e9lkedhet\u00fcnk. T\u00f3th Attila a r\u00e9szleg vezet\u0151je, Reha Kl\u00e1ra pedig projekt menedzserk\u00e9nt vesz r\u00e9sz a csapat munk\u00e1j\u00e1nak koordin\u00e1l\u00e1s\u00e1ban. Mindketten m\u00e1r k\u00f6zel 10 \u00e9ve er\u0151s\u00edtik a Dyntell csapat\u00e1t, a r\u00e9szleg m\u0171k\u00f6d\u00e9s\u00e9t, illetve az alkalmazott m\u00f3dszertanokat T\u00f3th Attila ir\u00e1ny\u00edt\u00e1s\u00e1val [&hellip;]<\/p>\n<a class=\"cv-readmore\" href=\"https:\/\/karrier.dyntell.com\/index.php\/tanacsadoi-reszleg\/\">Read More<\/a>","protected":false},"author":1,"featured_media":0,"parent":0,"menu_order":0,"comment_status":"closed","ping_status":"closed","template":"pagewithslider.php","meta":{"_monsterinsights_skip_tracking":false,"_monsterinsights_sitenote_active":false,"_monsterinsights_sitenote_note":"","_monsterinsights_sitenote_category":0,"footnotes":""},"class_list":["post-712","page","type-page","status-publish","hentry"],"_links":{"self":[{"href":"https:\/\/karrier.dyntell.com\/index.php\/wp-json\/wp\/v2\/pages\/712","targetHints":{"allow":["GET"]}}],"collection":[{"href":"https:\/\/karrier.dyntell.com\/index.php\/wp-json\/wp\/v2\/pages"}],"about":[{"href":"https:\/\/karrier.dyntell.com\/index.php\/wp-json\/wp\/v2\/types\/page"}],"author":[{"embeddable":true,"href":"https:\/\/karrier.dyntell.com\/index.php\/wp-json\/wp\/v2\/users\/1"}],"replies":[{"embeddable":true,"href":"https:\/\/karrier.dyntell.com\/index.php\/wp-json\/wp\/v2\/comments?post=712"}],"version-history":[{"count":23,"href":"https:\/\/karrier.dyntell.com\/index.php\/wp-json\/wp\/v2\/pages\/712\/revisions"}],"predecessor-version":[{"id":1583,"href":"https:\/\/karrier.dyntell.com\/index.php\/wp-json\/wp\/v2\/pages\/712\/revisions\/1583"}],"wp:attachment":[{"href":"https:\/\/karrier.dyntell.com\/index.php\/wp-json\/wp\/v2\/media?parent=712"}],"curies":[{"name":"wp","href":"https:\/\/api.w.org\/{rel}","templated":true}]}}