{"id":421,"date":"2018-01-15T15:11:17","date_gmt":"2018-01-15T13:11:17","guid":{"rendered":"http:\/\/karrier.dyntell.com\/?page_id=421"},"modified":"2023-10-18T11:35:17","modified_gmt":"2023-10-18T09:35:17","slug":"junior-erp-tanacsado","status":"publish","type":"page","link":"https:\/\/karrier.dyntell.com\/index.php\/junior-erp-tanacsado\/","title":{"rendered":"Junior ERP tan\u00e1csad\u00f3"},"content":{"rendered":"<p><span style=\"font-weight: 400;\">A Dyntell Software debreceni k\u00f6zpont\u00fa szoftverfejleszt\u0151 v\u00e1llalat, amely k\u00e9t \u00e9vtizedes m\u00falttal fejleszt \u00e9s vezet be v\u00e1llalatir\u00e1ny\u00edt\u00e1si (ERP) \u00e9s \u00fczleti intelligencia (BI) rendszereket Eur\u00f3pa sz\u00e1mos pontj\u00e1n, az elm\u00falt 2 \u00e9vben pedig m\u00e1r az Egyes\u00fclt \u00c1llamokban is akt\u00edvan k\u00e9pviselteti mag\u00e1t.<\/span><\/p>\n<p><span style=\"font-weight: 400;\">ERP rendszer\u00fcnk k\u00e9pviseli a magyar &#8222;HIGH END&#8221; kateg\u00f3ri\u00e1t, \u00fczleti adatelemz\u0151 szoftver\u00fcnk pedig nemzetk\u00f6zi \u00f6sszehasonl\u00edt\u00e1sban is meg\u00e1llja a hely\u00e9t: nemcsak hogy tudja azt, amit a \u201cnagyok\u201d, hanem a vil\u00e1gon egyed\u00fcl\u00e1ll\u00f3 adatmodellel is rendelkezik, amely r\u00e9v\u00e9n kiemelked\u0151en teljes\u00edt az el\u0151rejelz\u0151 analitik\u00e1ban.<\/span><\/p>\n<p><span style=\"font-weight: 400;\">T\u00f6bb mint 100 f\u0151 dolgozik azon, hogy technol\u00f3gi\u00e1ban \u00e9s gazdas\u00e1gi szaktud\u00e1sban megel\u0151zve m\u00e1sokat, szolg\u00e1ltat\u00e1saink val\u00f3di, m\u00e9rhet\u0151 el\u0151nyt jelenthessenek \u00fcgyfeleink sz\u00e1m\u00e1ra. K\u00f6zel egymilli\u00f3 \u00f3r\u00e1t t\u00f6lt\u00f6tt\u00fcnk eddig az ERP \u00e9s BI rendszer fejleszt\u00e9s\u00e9vel, \u00e9s csak a rendszer bevezet\u00e9s\u00e9hez kapcsol\u00f3d\u00f3 tan\u00e1csad\u00f3i napb\u00f3l is sz\u00e1zezres nagys\u00e1grenden vagyun t\u00fal.\u00a0<\/span><\/p>\n<p><span style=\"font-weight: 400;\">Az 500 f\u0151t is meghalad\u00f3 itthoni \u00e9s k\u00fclf\u00f6ldi (Rom\u00e1nia, Szlov\u00e1kia, USA) \u00fcgyf\u00e9lb\u00e1zisunk egyet\u00e9rt abban, hogy a szoftver szak\u00e9rtelem n\u00e9lk\u00fcl semmit nem \u00e9r. A k\u00f6vetkez\u0151 \u00e9vek f\u00f3kusza \u00faj szintre emelni ERP \u00fczlet\u00e1gunkat Magyarorsz\u00e1gon, amelyhez a k\u00f6vetkez\u0151 munkak\u00f6rbe keres\u00fcnk \u00faj koll\u00e9g\u00e1t:<\/span><\/p>\n<h3 style=\"text-align: center;\"><b>Junior ERP tan\u00e1csad\u00f3<\/b><\/h3>\n<p><b>Megl\u00e9v\u0151 \u00fcgyfeleink t\u00e1mogat\u00e1s\u00e1ra \u00e9s \u00faj projektek indul\u00e1s\u00e1hoz keress\u00fck ERP Tan\u00e1csad\u00f3 poz\u00edci\u00f3ba \u00faj koll\u00e9g\u00e1nkat, aki legal\u00e1bb 1 \u00e9v tapasztalattal rendelkezik informatikai projektekben. A hazai KKV szektor szerepl\u0151ivel dolgozhatsz egy\u00fctt, \u00e9s a Dyntell saj\u00e1t fejleszt\u00e9s\u0171 ERP rendszer\u00e9nek bevezet\u00e9s\u00e9vel t\u00e1mogathatod folyamataikat.<\/b><\/p>\n<p>&nbsp;<\/p>\n<p><b>FELADATOK:<\/b><\/p>\n<ul>\n<li>Projekt kapcs\u00e1n az \u00fcgyf\u00e9lig\u00e9nyek felm\u00e9r\u00e9se, koncepci\u00f3 kidolgoz\u00e1sa, sz\u00fcks\u00e9ges fejleszt\u00e9sek megtervez\u00e9se, specifik\u00e1l\u00e1sa<\/li>\n<li><span style=\"font-weight: 400;\">Elfogadott koncepci\u00f3 alapj\u00e1n protot\u00edpus kialak\u00edt\u00e1sa, kapcsol\u00f3d\u00f3 fejleszt\u00e9sek ellen\u0151rz\u00e9se, beilleszt\u00e9se a folyamatokba. Oktat\u00e1sok megtart\u00e1sa, tesztel\u00e9s, teszt\u00fczemi \u00e9s \u00e9les\u00fczemi t\u00e1mogat\u00e1s<\/span><\/li>\n<li><span style=\"font-weight: 400;\">Projekt folyamatos dokument\u00e1l\u00e1sa<\/span><\/li>\n<li><span style=\"font-weight: 400;\">Projekthez kapcsol\u00f3d\u00f3 adminisztr\u00e1ci\u00f3<\/span><\/li>\n<li><span style=\"font-weight: 400;\">\u00dcgyf\u00e9lkapcsolatok \u00e1pol\u00e1sa, \u00fcgyf\u00e9lmegtart\u00e1s<\/span><\/li>\n<li><span style=\"font-weight: 400;\">Sz\u00fcks\u00e9g eset\u00e9n presales feladatok ell\u00e1t\u00e1sa\u00a0<\/span><\/li>\n<\/ul>\n<p>&nbsp;<\/p>\n<p><b>ELV\u00c1R\u00c1SOK:<\/b><\/p>\n<p><b>Az ide\u00e1lis jel\u00f6lt legal\u00e1bb 1 \u00e9v tapasztalattal rendelkezik informatikai projektek ter\u00fclet\u00e9n<\/b><span style=\"font-weight: 400;\">, \u00e9s van m\u00e1r m\u00f6g\u00f6tte olyan bevezetett projekt, amelyben tan\u00e1csad\u00f3k\u00e9nt vagy vezet\u0151 tan\u00e1csad\u00f3k\u00e9nt vett r\u00e9szt. Komoly el\u0151nyt jelent, ha ERP rendszerek bevezet\u00e9s\u00e9vel foglalkoz\u00f3 c\u00e9gt\u0151l \u00e9rkezik.<\/span><\/p>\n<ul>\n<li style=\"font-weight: 400;\" aria-level=\"1\"><span style=\"font-weight: 400;\">Magas szint\u0171 IT felhaszn\u00e1l\u00f3i ismeretek<\/span><\/li>\n<li style=\"font-weight: 400;\" aria-level=\"1\"><span style=\"font-weight: 400;\">Informatikai, m\u0171szaki vagy gazdas\u00e1gi v\u00e9gzetts\u00e9g el\u0151nyt jelent<\/span><\/li>\n<li style=\"font-weight: 400;\" aria-level=\"1\"><span style=\"font-weight: 400;\">ERP rendszer bevezet\u00e9s\u00e9ben, tervez\u00e9s\u00e9ben szerzett tapasztalat el\u0151nyt jelent<\/span><\/li>\n<li style=\"font-weight: 400;\" aria-level=\"1\"><span style=\"font-weight: 400;\">Tanul\u00e1si hajland\u00f3s\u00e1g<\/span><\/li>\n<li style=\"font-weight: 400;\" aria-level=\"1\"><span style=\"font-weight: 400;\">\u00dcgyf\u00e9l- \u00e9s teljes\u00edtm\u00e9nyorient\u00e1lt gondolkod\u00e1sm\u00f3d<\/span><\/li>\n<li style=\"font-weight: 400;\" aria-level=\"1\"><span style=\"font-weight: 400;\">Csapatj\u00e1t\u00e9kos attit\u0171d<\/span><\/li>\n<li style=\"font-weight: 400;\" aria-level=\"1\"><span style=\"font-weight: 400;\">Probl\u00e9mamegold\u00f3 \u00e9s alkalmazkod\u00f3 k\u00e9szs\u00e9g<\/span><\/li>\n<li style=\"font-weight: 400;\" aria-level=\"1\"><span style=\"font-weight: 400;\">Pontos, prec\u00edz munkav\u00e9gz\u00e9s<\/span><\/li>\n<li style=\"font-weight: 400;\" aria-level=\"1\"><span style=\"font-weight: 400;\">\u201cB\u201d kateg\u00f3ri\u00e1s jogos\u00edtv\u00e1ny<\/span><\/li>\n<\/ul>\n<p>&nbsp;<\/p>\n<p><b>AMIT K\u00cdN\u00c1LUNK:<\/b><\/p>\n<p><span style=\"font-weight: 400;\">Olyan munkat\u00e1rsat szeretn\u00e9nk, aki sz\u00e1m\u00e1ra fontos \u00e9rt\u00e9kkel b\u00edr, hogy nemzetk\u00f6zi szint\u0171 elv\u00e1r\u00e1soknak feleljen meg, ez\u00e9rt cser\u00e9be hossz\u00fa t\u00e1v\u00fa biztos szakmai karriert, csal\u00e1dias hangulat\u00fa (nem multi) c\u00e9gkult\u00far\u00e1t, \u00e9s nagy \u00f6n\u00e1ll\u00f3s\u00e1ggal v\u00e9gezhet\u0151 munk\u00e1t aj\u00e1nlunk.<\/span><\/p>\n<ul>\n<li style=\"font-weight: 400;\" aria-level=\"1\"><span style=\"font-weight: 400;\">Hossz\u00fa t\u00e1v\u00fa, biztos munkalehet\u0151s\u00e9g<\/span><\/li>\n<li style=\"font-weight: 400;\" aria-level=\"1\"><span style=\"font-weight: 400;\">Laptop \u00e9s mobiltelefon<\/span><\/li>\n<li style=\"font-weight: 400;\" aria-level=\"1\"><span style=\"font-weight: 400;\">Home office lehet\u0151s\u00e9g<\/span><\/li>\n<li style=\"font-weight: 400;\" aria-level=\"1\"><span style=\"font-weight: 400;\">Versenyk\u00e9pes munkab\u00e9r<\/span><\/li>\n<li style=\"font-weight: 400;\" aria-level=\"1\"><span style=\"font-weight: 400;\">Izgalmas \u00e9s v\u00e1ltozatos projektek<\/span><\/li>\n<li style=\"font-weight: 400;\" aria-level=\"1\"><span style=\"font-weight: 400;\">Nyitott, j\u00f3 hangulat\u00fa, \u00f6sszetart\u00f3 csapat<\/span><\/li>\n<li style=\"font-weight: 400;\" aria-level=\"1\"><span style=\"font-weight: 400;\">Inspir\u00e1l\u00f3 szakmai l\u00e9gk\u00f6r, rendszeres bels\u0151 k\u00e9pz\u00e9sek<\/span><\/li>\n<li style=\"font-weight: 400;\" aria-level=\"1\"><span style=\"font-weight: 400;\">Rendk\u00edv\u00fcl innovat\u00edv c\u00e9gvezet\u00e9s, dinamikusan fejl\u0151d\u0151 c\u00e9g<\/span><\/li>\n<li style=\"font-weight: 400;\" aria-level=\"1\"><span style=\"font-weight: 400;\">Modern irodai k\u00f6rnyezet Debrecenben a F\u00f3rum bev\u00e1s\u00e1rl\u00f3k\u00f6zpont mellett<\/span><\/li>\n<\/ul>\n<p><span style=\"font-weight: 400;\">\u00a0<\/span><\/p>\n<p><b>MUNKAV\u00c9GZ\u00c9S HELYE:<\/b><span style=\"font-weight: 400;\"> nem helyhez k\u00f6t\u00f6tt, tan\u00e1csad\u00f3ink orsz\u00e1gos lefedetts\u00e9ggel dolgoznak<br \/>\n<\/span><b>MUNKAV\u00c9GZ\u00c9S HELYE:<\/b><span style=\"font-weight: 400;\"> f\u0151\u00e1ll\u00e1s<br \/>\n<\/span><b>MUNK\u00c1BA \u00c1LL\u00c1S KEZDETE:<\/b><span style=\"font-weight: 400;\"> azonnal<\/span><\/p>\n<p><b>JELENTKEZ\u00c9S: <\/b><span style=\"font-weight: 400;\">Amennyiben alkalmasnak gondolod magad e munkak\u00f6r bet\u00f6lt\u00e9s\u00e9re, v\u00e1rjuk p\u00e1ly\u00e1zatod (f\u00e9nyk\u00e9pes, magyar nyelv\u0171 \u00f6n\u00e9letrajz, motiv\u00e1ci\u00f3s lev\u00e9l) a <\/span><a href=\"mailto:job@dyntell.com\"><b>job@dyntell.com<\/b><\/a><span style=\"font-weight: 400;\"> email c\u00edmre, a t\u00e1rgy mez\u0151ben <\/span><b>\u201cJunior ERP tan\u00e1csad\u00f3\u201d<\/b><span style=\"font-weight: 400;\">-k\u00e9nt megjel\u00f6lve.<\/span><\/p>\n<p><i><span style=\"font-weight: 400;\">Motiv\u00e1ci\u00f3s leveledben a k\u00f6vetkez\u0151 k\u00e9rd\u00e9seket felt\u00e9tlen\u00fcl v\u00e1laszold meg:<\/span><\/i><\/p>\n<ol>\n<li style=\"font-weight: 400;\" aria-level=\"1\"><span style=\"font-weight: 400;\">Mi\u00e9rt szeretn\u00e9l v\u00e1ltani?<\/span><\/li>\n<li style=\"font-weight: 400;\" aria-level=\"1\"><span style=\"font-weight: 400;\">Mi az, ami megfogott a hirdet\u00e9s\u00fcnkben?<\/span><\/li>\n<li style=\"font-weight: 400;\" aria-level=\"1\"><span style=\"font-weight: 400;\">Mi\u00e9rt foglalkozn\u00e1l ERP rendszerek bevezet\u00e9s\u00e9vel?<\/span><\/li>\n<li style=\"font-weight: 400;\" aria-level=\"1\"><span style=\"font-weight: 400;\">Mi volt az eddigi legnagyobb szakmai sikered?<\/span><\/li>\n<li style=\"font-weight: 400;\" aria-level=\"1\"><span style=\"font-weight: 400;\">Mit v\u00e1rsz el egy munk\u00e1ltat\u00f3t\u00f3l ahhoz, hogy hossz\u00fa t\u00e1von ott dolgozz?<\/span><\/li>\n<\/ol>\n","protected":false},"excerpt":{"rendered":"<p>A Dyntell Software debreceni k\u00f6zpont\u00fa szoftverfejleszt\u0151 v\u00e1llalat, amely k\u00e9t \u00e9vtizedes m\u00falttal fejleszt \u00e9s vezet be v\u00e1llalatir\u00e1ny\u00edt\u00e1si (ERP) \u00e9s \u00fczleti intelligencia (BI) rendszereket Eur\u00f3pa sz\u00e1mos pontj\u00e1n, az elm\u00falt 2 \u00e9vben pedig m\u00e1r az Egyes\u00fclt \u00c1llamokban is akt\u00edvan k\u00e9pviselteti mag\u00e1t. ERP rendszer\u00fcnk k\u00e9pviseli a magyar &#8222;HIGH END&#8221; kateg\u00f3ri\u00e1t, \u00fczleti adatelemz\u0151 szoftver\u00fcnk pedig nemzetk\u00f6zi \u00f6sszehasonl\u00edt\u00e1sban is meg\u00e1llja a [&hellip;]<\/p>\n<a class=\"cv-readmore\" href=\"https:\/\/karrier.dyntell.com\/index.php\/junior-erp-tanacsado\/\">Read More<\/a>","protected":false},"author":1,"featured_media":0,"parent":0,"menu_order":0,"comment_status":"closed","ping_status":"closed","template":"pagewithslider.php","meta":{"_monsterinsights_skip_tracking":false,"_monsterinsights_sitenote_active":false,"_monsterinsights_sitenote_note":"","_monsterinsights_sitenote_category":0,"footnotes":""},"class_list":["post-421","page","type-page","status-publish","hentry"],"_links":{"self":[{"href":"https:\/\/karrier.dyntell.com\/index.php\/wp-json\/wp\/v2\/pages\/421","targetHints":{"allow":["GET"]}}],"collection":[{"href":"https:\/\/karrier.dyntell.com\/index.php\/wp-json\/wp\/v2\/pages"}],"about":[{"href":"https:\/\/karrier.dyntell.com\/index.php\/wp-json\/wp\/v2\/types\/page"}],"author":[{"embeddable":true,"href":"https:\/\/karrier.dyntell.com\/index.php\/wp-json\/wp\/v2\/users\/1"}],"replies":[{"embeddable":true,"href":"https:\/\/karrier.dyntell.com\/index.php\/wp-json\/wp\/v2\/comments?post=421"}],"version-history":[{"count":16,"href":"https:\/\/karrier.dyntell.com\/index.php\/wp-json\/wp\/v2\/pages\/421\/revisions"}],"predecessor-version":[{"id":1509,"href":"https:\/\/karrier.dyntell.com\/index.php\/wp-json\/wp\/v2\/pages\/421\/revisions\/1509"}],"wp:attachment":[{"href":"https:\/\/karrier.dyntell.com\/index.php\/wp-json\/wp\/v2\/media?parent=421"}],"curies":[{"name":"wp","href":"https:\/\/api.w.org\/{rel}","templated":true}]}}