{"id":1642,"date":"2026-03-12T12:12:52","date_gmt":"2026-03-12T10:12:52","guid":{"rendered":"https:\/\/karrier.dyntell.com\/?page_id=1642"},"modified":"2026-03-13T12:38:31","modified_gmt":"2026-03-13T10:38:31","slug":"back-office-munkatars","status":"publish","type":"page","link":"https:\/\/karrier.dyntell.com\/index.php\/back-office-munkatars\/","title":{"rendered":"Back office munkat\u00e1rs"},"content":{"rendered":"<p>A Dyntell Software (<a href=\"https:\/\/dyntell.com\/\"><strong>www.dyntell.com<\/strong><\/a>) debreceni k\u00f6zpont\u00fa szoftverfejleszt\u0151 v\u00e1llalat, amely k\u00f6zel h\u00e1rom \u00e9vtizedes m\u00falttal fejleszt \u00e9s vezet be v\u00e1llalatir\u00e1ny\u00edt\u00e1si (ERP), \u00e9s \u00fczleti intelligencia (BI) \u00e9s mesters\u00e9ges intelligencia (AI) rendszereket.<\/p>\n<p>Az \u00fczleti rendszerek piac\u00e1n jelenleg forradalom zajlik: a v\u00e1llalati digit\u00e1lis idegrendszer megalkot\u00e1sa, amely a mesters\u00e9ges intelligencia seg\u00edts\u00e9g\u00e9vel \u00e1t fogja alak\u00edtani a glob\u00e1lis gazdas\u00e1g m\u0171k\u00f6d\u00e9s\u00e9t.<\/p>\n<p><strong>A Dyntell hitvall\u00e1sa:<\/strong><\/p>\n<p>&#8222;K\u00f6rnyezet\u00fcnk teljes megismer\u00e9s\u00e9vel \u00e9s meg\u00e9rt\u00e9s\u00e9vel c\u00e9lunk az optim\u00e1lis m\u0171k\u00f6d\u00e9s \u00e9s egy\u00fcttm\u0171k\u00f6d\u00e9s megteremt\u00e9se, hogy egyre jobb \u00e9s jobb helly\u00e9 tegy\u00fck a vil\u00e1gunkat.&#8221;<\/p>\n<p>Ennek szellem\u00e9ben k\u00f6zel 100 f\u0151 dolgozik n\u00e1lunk azon, hogy technol\u00f3gi\u00e1ban \u00e9s gazdas\u00e1gi szaktud\u00e1sban megel\u0151zve m\u00e1sokat, szolg\u00e1ltat\u00e1saink val\u00f3di, m\u00e9rhet\u0151 el\u0151nyt jelenthessenek \u00fcgyfeleink sz\u00e1m\u00e1ra. K\u00f6zel k\u00e9tmilli\u00f3 \u00f3r\u00e1t t\u00f6lt\u00f6tt\u00fcnk eddig a rendszereink fejleszt\u00e9s\u00e9vel, \u00e9s sz\u00e1zezres nagys\u00e1grend\u0171 csak rendszerek bevezet\u00e9shez kapcsol\u00f3d\u00f3 tan\u00e1csad\u00f3i napon vagyunk t\u00fal.<\/p>\n<p>T\u00f6bb, mint 500 \u00fcgyfel\u00fcnk itthon \u00e9s k\u00fclf\u00f6ld\u00f6n (Rom\u00e1nia, Lengyelorsz\u00e1g, Szerbia, Szlov\u00e1kia, USA) egyet\u00e9rt abban, hogy a digit\u00e1lis transzform\u00e1ci\u00f3 a termel\u00e9kenys\u00e9g n\u00f6vel\u00e9s\u00e9nek els\u0151dleges hajt\u00f3ereje.<\/p>\n<p>A k\u00f6vetkez\u0151 \u00e9vek f\u00f3kusza \u00faj szintre emeli ERP \u00fczlet\u00e1gunkat Magyarorsz\u00e1gon, amelyhez a k\u00f6vetkez\u0151 munkak\u00f6rbe keres\u00fcnk \u00faj koll\u00e9g\u00e1t:<\/p>\n<p><strong>BACK OFFICE MUNKAT\u00c1RS<\/strong><\/p>\n<p><strong>Feladatok<\/strong><\/p>\n<ul>\n<li>P\u00e1ly\u00e1zatok, \u00fcgyf\u00e9l aj\u00e1nlatok, szerz\u0151d\u00e9sek \u00e9s egy\u00e9b v\u00e1llalati dokument\u00e1ci\u00f3k el\u0151k\u00e9sz\u00edt\u00e9se, bels\u0151 \u00fcgyviteli folyamatainak kezel\u00e9se<\/li>\n<li>V\u00e1llalati folyamatokat t\u00e1mogat\u00f3 adminisztrat\u00edv feladatok ell\u00e1t\u00e1sa<\/li>\n<li>\u00dcgyfelekkel val\u00f3 kapcsolattart\u00e1s<\/li>\n<li>Rendszeres \u00e9s eseti riportok, elemz\u00e9sek k\u00e9sz\u00edt\u00e9se<\/li>\n<li>Marketing asszisztensi feladatok ell\u00e1t\u00e1sa<\/li>\n<li>Az \u00fcgyf\u00e9l adatb\u00e1zis(ok) karbantart\u00e1sa<\/li>\n<li>A CRM rendszer adatainak naprak\u00e9sz vezet\u00e9se<\/li>\n<\/ul>\n<p><strong>Elv\u00e1r\u00e1sok<\/strong><\/p>\n<ul>\n<li>Akt\u00edv felhaszn\u00e1l\u00f3i szint\u0171 sz\u00e1m\u00edt\u00e1stechnikai ismeretek (integr\u00e1lt rendszer, MS Office ismeretek)<\/li>\n<li>1-3 \u00e9v szakmai tapasztalat<\/li>\n<li>Probl\u00e9mamegold\u00f3 k\u00e9pess\u00e9g, rendszerszeml\u00e9let<\/li>\n<li>\u00daj feladatok ir\u00e1nti nyitotts\u00e1g<\/li>\n<li>Prec\u00edz, pontos, munk\u00e1j\u00e1ra ig\u00e9nyes szem\u00e9lyis\u00e9g<\/li>\n<li>Feladat-orient\u00e1lt gondolkod\u00e1sm\u00f3d, hat\u00e1rozotts\u00e1g, hat\u00e9konys\u00e1g<\/li>\n<li>\u00d6n\u00e1ll\u00f3an \u00e9s csapatban is k\u00e9pes munkav\u00e9gz\u00e9sre<\/li>\n<li>J\u00f3 kommunik\u00e1ci\u00f3s k\u00e9szs\u00e9gek<\/li>\n<li>Rugalmass\u00e1g, szorgalom, kitart\u00e1s<\/li>\n<\/ul>\n<p><strong>El\u0151nyt jelent<\/strong><\/p>\n<ul>\n<li>Szakmai tapasztalat sz\u00e1mviteli \/p\u00e9nz\u00fcgyi ter\u00fcleten<\/li>\n<li>Debrecen vonz\u00e1sk\u00f6rzet\u00e9ben val\u00f3 lakhely<\/li>\n<\/ul>\n<p><strong>Amit k\u00edn\u00e1lunk<\/strong><\/p>\n<ul>\n<li>Rendk\u00edv\u00fcl innovat\u00edv c\u00e9gvezet\u00e9s \u00e9s dinamikusan fejl\u0151d\u0151 c\u00e9g<\/li>\n<li>Inspir\u00e1l\u00f3 szakmai l\u00e9gk\u00f6r, rendszeres bels\u0151 k\u00e9pz\u00e9sek<\/li>\n<li>Csal\u00e1dias, emberi v\u00e1llalati kult\u00fara, \u00e9s p\u00e9nz\u00fcgyileg stabil h\u00e1tter\u0171 c\u00e9g<\/li>\n<\/ul>\n<p><strong>Munkav\u00e9gz\u00e9s helye:<\/strong>\u00a0Debrecen (home office lehet\u0151s\u00e9g)<\/p>\n<p><strong>Munkaid\u0151:<\/strong>\u00a0Teljes munkaid\u0151<\/p>\n<p><strong>Munk\u00e1ba \u00e1ll\u00e1s kezdete:<\/strong> Azonnal<\/p>\n<p><strong>Jelentkez\u00e9s:<\/strong> Amennyiben alkalmasnak gondolod magad a munkak\u00f6r bet\u00f6lt\u00e9s\u00e9re, k\u00fcldd el p\u00e1ly\u00e1zatod (f\u00e9nyk\u00e9pes, magyar nyelv\u0171 \u00f6n\u00e9letrajz, b\u00e9rig\u00e9ny) a <a href=\"mailto:job@dyntell.com\">job@dyntell.com<\/a> email c\u00edmre, a t\u00e1rgy mez\u0151ben &#8222;BACK OFFICE MUNKAT\u00c1RS\u201d-k\u00e9nt megjel\u00f6lve.<\/p>\n","protected":false},"excerpt":{"rendered":"<p>A Dyntell Software (www.dyntell.com) debreceni k\u00f6zpont\u00fa szoftverfejleszt\u0151 v\u00e1llalat, amely k\u00f6zel h\u00e1rom \u00e9vtizedes m\u00falttal fejleszt \u00e9s vezet be v\u00e1llalatir\u00e1ny\u00edt\u00e1si (ERP), \u00e9s \u00fczleti intelligencia (BI) \u00e9s mesters\u00e9ges intelligencia (AI) rendszereket. Az \u00fczleti rendszerek piac\u00e1n jelenleg forradalom zajlik: a v\u00e1llalati digit\u00e1lis idegrendszer megalkot\u00e1sa, amely a mesters\u00e9ges intelligencia seg\u00edts\u00e9g\u00e9vel \u00e1t fogja alak\u00edtani a glob\u00e1lis gazdas\u00e1g m\u0171k\u00f6d\u00e9s\u00e9t. A Dyntell hitvall\u00e1sa: [&hellip;]<\/p>\n<a class=\"cv-readmore\" href=\"https:\/\/karrier.dyntell.com\/index.php\/back-office-munkatars\/\">Read More<\/a>","protected":false},"author":6,"featured_media":1643,"parent":0,"menu_order":0,"comment_status":"closed","ping_status":"closed","template":"pagewithslider.php","meta":{"_monsterinsights_skip_tracking":false,"_monsterinsights_sitenote_active":false,"_monsterinsights_sitenote_note":"","_monsterinsights_sitenote_category":0,"footnotes":""},"class_list":["post-1642","page","type-page","status-publish","has-post-thumbnail","hentry"],"_links":{"self":[{"href":"https:\/\/karrier.dyntell.com\/index.php\/wp-json\/wp\/v2\/pages\/1642","targetHints":{"allow":["GET"]}}],"collection":[{"href":"https:\/\/karrier.dyntell.com\/index.php\/wp-json\/wp\/v2\/pages"}],"about":[{"href":"https:\/\/karrier.dyntell.com\/index.php\/wp-json\/wp\/v2\/types\/page"}],"author":[{"embeddable":true,"href":"https:\/\/karrier.dyntell.com\/index.php\/wp-json\/wp\/v2\/users\/6"}],"replies":[{"embeddable":true,"href":"https:\/\/karrier.dyntell.com\/index.php\/wp-json\/wp\/v2\/comments?post=1642"}],"version-history":[{"count":2,"href":"https:\/\/karrier.dyntell.com\/index.php\/wp-json\/wp\/v2\/pages\/1642\/revisions"}],"predecessor-version":[{"id":1647,"href":"https:\/\/karrier.dyntell.com\/index.php\/wp-json\/wp\/v2\/pages\/1642\/revisions\/1647"}],"wp:featuredmedia":[{"embeddable":true,"href":"https:\/\/karrier.dyntell.com\/index.php\/wp-json\/wp\/v2\/media\/1643"}],"wp:attachment":[{"href":"https:\/\/karrier.dyntell.com\/index.php\/wp-json\/wp\/v2\/media?parent=1642"}],"curies":[{"name":"wp","href":"https:\/\/api.w.org\/{rel}","templated":true}]}}