{"id":1630,"date":"2026-02-20T13:50:23","date_gmt":"2026-02-20T11:50:23","guid":{"rendered":"https:\/\/karrier.dyntell.com\/?page_id=1630"},"modified":"2026-02-20T13:52:30","modified_gmt":"2026-02-20T11:52:30","slug":"medior-ui-ux-designer","status":"publish","type":"page","link":"https:\/\/karrier.dyntell.com\/index.php\/medior-ui-ux-designer\/","title":{"rendered":"Medior UI\/UX Designer"},"content":{"rendered":"<p><span style=\"font-weight: 400;\">A <\/span><b>Dyntelln\u00e9l<\/b><span style=\"font-weight: 400;\"> 25 \u00e9ve azon dolgozunk, hogy a bonyolult \u00fczleti adatokat, folyamatokat \u00e9rthet\u0151v\u00e9 tegy\u00fck. 500+ \u00fcgyf\u00e9llel a h\u00e1tunk m\u00f6g\u00f6tt debreceni k\u00f6zpontunkb\u00f3l h\u00f3d\u00edtjuk meg az eur\u00f3pai piacot ERP, BI \u00e9s AI megold\u00e1sainkkal.<\/span><\/p>\n<p><span style=\"font-weight: 400;\">Most egy olyan <\/span><b>Medior UI\/UX Designert<\/b><span style=\"font-weight: 400;\"> keres\u00fcnk, aki nem csak a pixelpontos fel\u00fcletek mestere, de sz\u00edvesen csillogtatja meg kreativit\u00e1s\u00e1t a marketing vil\u00e1g\u00e1ban is.<\/span><\/p>\n<h3><b>Mi lesz a feladatod?<\/b><\/h3>\n<p><span style=\"font-weight: 400;\">N\u00e1lunk a munkanapjaid sosem lesznek egyhang\u00faak, hiszen k\u00e9t izgalmas ter\u00fcleten is sz\u00e1m\u00edtunk r\u00e1d:<\/span><\/p>\n<ol>\n<li style=\"font-weight: 400;\" aria-level=\"1\"><b>Term\u00e9kfejleszt\u00e9s:<\/b><span style=\"font-weight: 400;\"> Megl\u00e9v\u0151 \u00e9s \u00faj rendszereink (desktop, web, mobil) arc\u00e1t form\u00e1lod. Dr\u00f3tv\u00e1zakat \u00e9s interakt\u00edv protot\u00edpusokat k\u00e9sz\u00edtesz, mik\u00f6zben a felhaszn\u00e1l\u00f3k &#8222;f\u00e1jdalompontjait&#8221; gy\u00f3gy\u00edtod UX megold\u00e1sokkal.<\/span><\/li>\n<li style=\"font-weight: 400;\" aria-level=\"1\"><b>Vizu\u00e1lis kommunik\u00e1ci\u00f3:<\/b><span style=\"font-weight: 400;\"> Akt\u00edv r\u00e9szese leszel a marketing csapatnak. Seg\u00edtesz, hogy komplex rendszereink \u00e9rt\u00e9ke l\u00e1tv\u00e1nyos prezent\u00e1ci\u00f3kban, digit\u00e1lis anyagokban \u00e9s \u00fct\u0151s kamp\u00e1nygrafik\u00e1kban v\u00e1ljon mindenki sz\u00e1m\u00e1ra vonz\u00f3v\u00e1.<\/span><\/li>\n<\/ol>\n<h3><b>Amit T\u0151led v\u00e1runk:<\/b><\/h3>\n<ul>\n<li style=\"font-weight: 400;\" aria-level=\"1\"><b>Tapasztalat:<\/b><span style=\"font-weight: 400;\"> 1-3 \u00e9v UX\/UI ter\u00fcleten, ahol m\u00e1r bizony\u00edtottad, hogy \u00e9rted a felhaszn\u00e1l\u00f3-k\u00f6zpont\u00fa tervez\u00e9st.<\/span><\/li>\n<li style=\"font-weight: 400;\" aria-level=\"1\"><b>Eszk\u00f6zt\u00e1r:<\/b><span style=\"font-weight: 400;\"> Adobe-m\u00e1gus vagy (Ps, Ai, Id), de a protot\u00edpusgy\u00e1rt\u00e1shoz azt haszn\u00e1lsz, amit szeretsz (Figma, Sketch, XD stb.).<\/span><\/li>\n<li style=\"font-weight: 400;\" aria-level=\"1\"><b>Szeml\u00e9let:<\/b><span style=\"font-weight: 400;\"> Logikus gondolkod\u00e1s \u00e9s rendszerszeml\u00e9let jellemzi a munk\u00e1dat.<\/span><\/li>\n<\/ul>\n<p><b>Plusz pont:<\/b><\/p>\n<ul>\n<li style=\"font-weight: 400;\" aria-level=\"1\"><span style=\"font-weight: 400;\">Ha l\u00e1tt\u00e1l m\u00e1r k\u00f6zelr\u0151l ERP vagy BI rendszert, \u00e9s nem idegen sz\u00e1modra a komplex v\u00e1llalati munkafolyamatok logik\u00e1ja.<\/span><\/li>\n<li style=\"font-weight: 400;\" aria-level=\"1\"><span style=\"font-weight: 400;\">Ha nem ijedsz meg a HTML\/CSS-t\u0151l, vagy van m\u00e1r tapasztalatod marketing anyagok tervez\u00e9s\u00e9ben.<\/span><\/li>\n<\/ul>\n<h3><b>Mit k\u00edn\u00e1lunk?<\/b><\/h3>\n<ul>\n<li style=\"font-weight: 400;\" aria-level=\"1\"><span style=\"font-weight: 400;\">F\u0151\u00e1ll\u00e1s\u00fa munkaviszony, ak\u00e1r <\/span><b>azonnali kezd\u00e9ssel<\/b><span style=\"font-weight: 400;\">.<\/span><\/li>\n<li style=\"font-weight: 400;\" aria-level=\"1\"><span style=\"font-weight: 400;\">Rugalmass\u00e1g: Dolgozz <\/span><b>Debrecenben<\/b><span style=\"font-weight: 400;\"> az irod\u00e1ban, vagy k\u00e9nyelmesen <\/span><b>t\u00e1vmunk\u00e1ban<\/b><span style=\"font-weight: 400;\">.<\/span><\/li>\n<li style=\"font-weight: 400;\" aria-level=\"1\"><span style=\"font-weight: 400;\">Lehet\u0151s\u00e9g, hogy val\u00f3di \u00e9rt\u00e9ket teremts nemzetk\u00f6zi szinten is elismert szoftverekn\u00e9l.<\/span><\/li>\n<\/ul>\n<h3><b>Jelentkez\u00e9skor az al\u00e1bbiakat v\u00e1rjuk T\u0151led:<\/b><\/h3>\n<ul>\n<li style=\"font-weight: 400;\" aria-level=\"1\"><span style=\"font-weight: 400;\">f\u00e9nyk\u00e9pes, magyar nyelv\u0171 \u00f6n\u00e9letrajz<\/span><\/li>\n<li style=\"font-weight: 400;\" aria-level=\"1\"><span style=\"font-weight: 400;\">referenci\u00e1k, portf\u00f3li\u00f3<\/span><\/li>\n<li style=\"font-weight: 400;\" aria-level=\"1\"><span style=\"font-weight: 400;\">fizet\u00e9si ig\u00e9ny<\/span><\/li>\n<\/ul>\n<p>&nbsp;<\/p>\n<p><b>Ha szereted a kih\u00edv\u00e1st \u00e9s szeretn\u00e9l komplex rendszereket \u00e9rthet\u0151v\u00e9 tenni vizu\u00e1lisan, jelentkezz hozz\u00e1nk!<\/b><b><br \/>\n<\/b><span style=\"font-weight: 400;\">V\u00e1rjuk p\u00e1ly\u00e1zatod a <\/span><b>job@dyntell.com<\/b><span style=\"font-weight: 400;\"> email c\u00edmre, a t\u00e1rgy mez\u0151ben &#8222;<\/span><b>Medior UI\/UX designer<\/b><span style=\"font-weight: 400;\">\u201d-k\u00e9nt megjel\u00f6lve.<\/span><\/p>\n<p>&nbsp;<\/p>\n","protected":false},"excerpt":{"rendered":"<p>A Dyntelln\u00e9l 25 \u00e9ve azon dolgozunk, hogy a bonyolult \u00fczleti adatokat, folyamatokat \u00e9rthet\u0151v\u00e9 tegy\u00fck. 500+ \u00fcgyf\u00e9llel a h\u00e1tunk m\u00f6g\u00f6tt debreceni k\u00f6zpontunkb\u00f3l h\u00f3d\u00edtjuk meg az eur\u00f3pai piacot ERP, BI \u00e9s AI megold\u00e1sainkkal. Most egy olyan Medior UI\/UX Designert keres\u00fcnk, aki nem csak a pixelpontos fel\u00fcletek mestere, de sz\u00edvesen csillogtatja meg kreativit\u00e1s\u00e1t a marketing vil\u00e1g\u00e1ban is. Mi [&hellip;]<\/p>\n<a class=\"cv-readmore\" href=\"https:\/\/karrier.dyntell.com\/index.php\/medior-ui-ux-designer\/\">Read More<\/a>","protected":false},"author":7,"featured_media":1631,"parent":0,"menu_order":0,"comment_status":"closed","ping_status":"closed","template":"pagewithslider.php","meta":{"_monsterinsights_skip_tracking":false,"_monsterinsights_sitenote_active":false,"_monsterinsights_sitenote_note":"","_monsterinsights_sitenote_category":0,"footnotes":""},"class_list":["post-1630","page","type-page","status-publish","has-post-thumbnail","hentry"],"_links":{"self":[{"href":"https:\/\/karrier.dyntell.com\/index.php\/wp-json\/wp\/v2\/pages\/1630","targetHints":{"allow":["GET"]}}],"collection":[{"href":"https:\/\/karrier.dyntell.com\/index.php\/wp-json\/wp\/v2\/pages"}],"about":[{"href":"https:\/\/karrier.dyntell.com\/index.php\/wp-json\/wp\/v2\/types\/page"}],"author":[{"embeddable":true,"href":"https:\/\/karrier.dyntell.com\/index.php\/wp-json\/wp\/v2\/users\/7"}],"replies":[{"embeddable":true,"href":"https:\/\/karrier.dyntell.com\/index.php\/wp-json\/wp\/v2\/comments?post=1630"}],"version-history":[{"count":2,"href":"https:\/\/karrier.dyntell.com\/index.php\/wp-json\/wp\/v2\/pages\/1630\/revisions"}],"predecessor-version":[{"id":1635,"href":"https:\/\/karrier.dyntell.com\/index.php\/wp-json\/wp\/v2\/pages\/1630\/revisions\/1635"}],"wp:featuredmedia":[{"embeddable":true,"href":"https:\/\/karrier.dyntell.com\/index.php\/wp-json\/wp\/v2\/media\/1631"}],"wp:attachment":[{"href":"https:\/\/karrier.dyntell.com\/index.php\/wp-json\/wp\/v2\/media?parent=1630"}],"curies":[{"name":"wp","href":"https:\/\/api.w.org\/{rel}","templated":true}]}}