{"id":1587,"date":"2025-01-14T13:28:27","date_gmt":"2025-01-14T11:28:27","guid":{"rendered":"https:\/\/karrier.dyntell.com\/?page_id=1587"},"modified":"2025-01-14T13:28:27","modified_gmt":"2025-01-14T11:28:27","slug":"senior-python-developer","status":"publish","type":"page","link":"https:\/\/karrier.dyntell.com\/index.php\/senior-python-developer\/","title":{"rendered":"Senior Python Developer"},"content":{"rendered":"<p><span style=\"font-weight: 400;\">A\u00a0Dyntell Software\u00a0<\/span><a href=\"http:\/\/www.dyntell.comd\"><span style=\"font-weight: 400;\">www.dyntell.com<\/span><\/a><span style=\"font-weight: 400;\"> debreceni k\u00f6zpont\u00fa\u00a0szoftverfejleszt\u0151 v\u00e1llalat, amely t\u00f6bb mint negyed \u00e9vsz\u00e1zados m\u00falttal fejleszt \u00e9s vezet be\u00a0v\u00e1llalatir\u00e1ny\u00edt\u00e1si (ERP),\u00a0 \u00fczleti intelligencia (BI) \u00e9s Machine Learning (AI) rendszereket Eur\u00f3pa sz\u00e1mos pontj\u00e1n, \u00e9s az Egyes\u00fclt \u00c1llamokban is.\u00a0<\/span><\/p>\n<p><span style=\"font-weight: 400;\">ERP rendszer\u00fcnk k\u00e9pviseli a magyar &#8222;HIGH END&#8221; kateg\u00f3ri\u00e1t, \u00fczleti adatelemz\u0151 szoftver\u00fcnk viszont nemzetk\u00f6zi \u00f6sszehasonl\u00edt\u00e1sban is meg\u00e1llja a hely\u00e9t, mert amellett, hogy tudja azt, amit a nagyok, a vil\u00e1gon egyed\u00fcl\u00e1ll\u00f3 adatmodellel rendelkezik, \u00e9s nagyon er\u0151s az el\u0151rejelz\u0151 analitik\u00e1ban.<\/span><\/p>\n<p><span style=\"font-weight: 400;\">T\u00f6bb mint 100 f\u0151 dolgozik azon, hogy technol\u00f3gi\u00e1ban \u00e9s gazdas\u00e1gi szaktud\u00e1sban megel\u0151zve m\u00e1sokat, szolg\u00e1ltat\u00e1saink val\u00f3di, m\u00e9rhet\u0151 el\u0151nyt jelenthessenek \u00fcgyfeleink sz\u00e1m\u00e1ra. T\u00f6bb milli\u00f3 \u00f3r\u00e1t t\u00f6lt\u00f6tt\u00fcnk eddig az ERP \u00e9s BI rendszereink fejleszt\u00e9s\u00e9vel, \u00e9s sz\u00e1zezres nagys\u00e1grend\u0171 csak rendszer bevezet\u00e9shez kapcsol\u00f3d\u00f3 tan\u00e1csad\u00f3i napon vagyunk t\u00fal.<\/span><\/p>\n<p><span style=\"font-weight: 400;\">T\u00f6bb, mint 500 \u00fcgyfel\u00fcnk itthon \u00e9s k\u00fclf\u00f6ld\u00f6n (Rom\u00e1nia, Szlov\u00e1kia, Lengyelorsz\u00e1g, Szerbia, UK, USA) egyet\u00e9rt abban, hogy a szoftver szak\u00e9rtelem n\u00e9lk\u00fcl semmit nem \u00e9r. A k\u00f6vetkez\u0151 \u00e9vek f\u00f3kusza a felh\u0151 alap\u00fa Platform BI rendszer\u00fcnk fejleszt\u00e9se, amihez a k\u00f6vetkez\u0151 munkak\u00f6rbe keres\u00fcnk \u00faj koll\u00e9g\u00e1t:\u00a0<\/span><\/p>\n<p>&nbsp;<\/p>\n<h2 style=\"text-align: center;\"><b>Senior Python Developer<\/b><\/h2>\n<p>&nbsp;<\/p>\n<p><span style=\"font-weight: 400;\">\u00daj munkat\u00e1rsunknak fontos szerepe lesz az \u00faj Dyntell Platform fejleszt\u00e9s\u00e9ben, ami egyes\u00edti az ERP-t, BI-t, Ipar 4.0-t egym\u00e1ssal \u00e9s a mesters\u00e9ges intelligencia technol\u00f3gi\u00e1kkal, ez\u00e1ltal egy nagy rendszer fejleszt\u00e9s\u00e9nek alapjait hat\u00e1rozhatja meg!<\/span><\/p>\n<p><span style=\"font-weight: 400;\">A legf\u0151bb kih\u00edv\u00e1s viszont pont ebb\u0151l ad\u00f3dik, mert sokat kell kommunik\u00e1lnia m\u00e1s r\u00e9szlegekkel \u00e9s \u00fcgyf\u00e9llel is.<\/span><\/p>\n<p><span style=\"font-weight: 400;\">Mindemellett feladata m\u00e9g a r\u00e9szv\u00e9tel megl\u00e9v\u0151 \u00fcgyfeleink g\u00e9pi tanul\u00f3 projektjeiben \u00e9s k\u00e9pelemz\u00e9si modul fejleszt\u00e9se \u00e9s beilleszt\u00e9se m\u00e1s rendszerekbe.<\/span><\/p>\n<p><span style=\"font-weight: 400;\">Ha szeretsz adatokkal dolgozni, szerveroldali alkalmaz\u00e1sokat \u00e9p\u00edteni \u00e9s r\u00e9szt venni modern analitikai platformok fejleszt\u00e9s\u00e9ben, akkor n\u00e1lunk a helyed!<\/span><\/p>\n<p><b>F\u0151bb feladatok:<\/b><\/p>\n<ul>\n<li style=\"font-weight: 400;\" aria-level=\"1\"><span style=\"font-weight: 400;\">Apache Superset testreszab\u00e1sa, b\u0151v\u00edt\u00e9se \u00e9s integr\u00e1l\u00e1sa megl\u00e9v\u0151 rendszerekbe.<\/span><\/li>\n<li style=\"font-weight: 400;\" aria-level=\"1\"><span style=\"font-weight: 400;\">Backend fejleszt\u00e9s Pythonban, Flask keretrendszer seg\u00edts\u00e9g\u00e9vel<\/span><\/li>\n<li style=\"font-weight: 400;\" aria-level=\"1\"><span style=\"font-weight: 400;\">Frontend fejleszt\u00e9si t\u00e1mogat\u00e1s (React.js ismeret el\u0151ny).<\/span><\/li>\n<li style=\"font-weight: 400;\" aria-level=\"1\"><span style=\"font-weight: 400;\">Egy\u00fcttm\u0171k\u00f6d\u00e9s adatb\u00e1zis-szak\u00e9rt\u0151kkel \u00e9s adatvizualiz\u00e1ci\u00f3s szakemberekkel.<\/span><\/li>\n<li style=\"font-weight: 400;\" aria-level=\"1\"><span style=\"font-weight: 400;\">Teljes fejleszt\u00e9si ciklus v\u00e9grehajt\u00e1sa, a tervez\u00e9st\u0151l a tesztel\u00e9sig.<\/span><\/li>\n<\/ul>\n<p><b>Elv\u00e1r\u00e1sok:<\/b><\/p>\n<ul>\n<li style=\"font-weight: 400;\" aria-level=\"1\"><span style=\"font-weight: 400;\">Legal\u00e1bb 3 \u00e9v tapasztalat Python fejleszt\u00e9sben.<\/span><\/li>\n<li style=\"font-weight: 400;\" aria-level=\"1\"><span style=\"font-weight: 400;\">Flask keretrendszer ismerete.<\/span><\/li>\n<li style=\"font-weight: 400;\" aria-level=\"1\"><span style=\"font-weight: 400;\">Rel\u00e1ci\u00f3s adatb\u00e1zisok (pl. PostgreSQL, MySQL) m\u00e9ly ismerete.<\/span><\/li>\n<li style=\"font-weight: 400;\" aria-level=\"1\"><span style=\"font-weight: 400;\">Tapasztalat RESTful API-k fejleszt\u00e9s\u00e9ben.<\/span><\/li>\n<li style=\"font-weight: 400;\" aria-level=\"1\"><span style=\"font-weight: 400;\">Ismeretek adatvizualiz\u00e1ci\u00f3s eszk\u00f6z\u00f6kkel \u00e9s folyamatokkal kapcsolatban.<\/span><\/li>\n<li style=\"font-weight: 400;\" aria-level=\"1\"><span style=\"font-weight: 400;\">Nyitotts\u00e1g \u00faj technol\u00f3gi\u00e1k gyors elsaj\u00e1t\u00edt\u00e1s\u00e1ra.<\/span><\/li>\n<li style=\"font-weight: 400;\" aria-level=\"1\"><span style=\"font-weight: 400;\">Csapatmunk\u00e1ra val\u00f3 hajland\u00f3s\u00e1g \u00e9s \u00f6n\u00e1ll\u00f3 probl\u00e9mamegold\u00f3 k\u00e9szs\u00e9g.<\/span><\/li>\n<li style=\"font-weight: 400;\" aria-level=\"1\"><span style=\"font-weight: 400;\">Angol nyelvtud\u00e1s szakmai dokument\u00e1ci\u00f3k meg\u00e9rt\u00e9s\u00e9hez.<\/span><\/li>\n<\/ul>\n<p><b>El\u0151nyt jelent:<\/b><\/p>\n<ul>\n<li style=\"font-weight: 400;\" aria-level=\"1\"><span style=\"font-weight: 400;\">Apache Superset ismerete.<\/span><\/li>\n<li style=\"font-weight: 400;\" aria-level=\"1\"><span style=\"font-weight: 400;\">Tapasztalat JavaScript\/React.js fejleszt\u00e9sben.<\/span><\/li>\n<li style=\"font-weight: 400;\" aria-level=\"1\"><span style=\"font-weight: 400;\">Docker, Kubernetes \u00e9s CI\/CD folyamatok ismerete.<\/span><\/li>\n<li style=\"font-weight: 400;\" aria-level=\"1\"><span style=\"font-weight: 400;\">Felh\u0151alap\u00fa platformokkal (AWS, Azure, GCP) szerzett tapasztalat.<\/span><\/li>\n<li style=\"font-weight: 400;\" aria-level=\"1\"><span style=\"font-weight: 400;\">Agilis m\u00f3dszertan<\/span><\/li>\n<li style=\"font-weight: 400;\" aria-level=\"1\"><span style=\"font-weight: 400;\">NoSQL Adatb\u00e1zis-ismeretek<\/span><\/li>\n<\/ul>\n<p><b>Amit k\u00edn\u00e1lunk:<\/b><\/p>\n<p><span style=\"font-weight: 400;\">Olyan munkat\u00e1rsat szeretn\u00e9nk, aki sz\u00e1m\u00e1ra fontos \u00e9rt\u00e9kkel b\u00edr, hogy itt nemzetk\u00f6zi szint\u0171 elv\u00e1r\u00e1soknak kell megfelelnie, cser\u00e9be hossz\u00fa t\u00e1v\u00fa biztos szakmai karriert, csal\u00e1dias hangulat\u00fa (nem multi) c\u00e9gkult\u00far\u00e1t, \u00e9s nagy \u00f6n\u00e1ll\u00f3s\u00e1ggal v\u00e9gezhet\u0151 munk\u00e1t aj\u00e1nlunk.<\/span><\/p>\n<ul>\n<li style=\"font-weight: 400;\" aria-level=\"1\"><span style=\"font-weight: 400;\">Versenyk\u00e9pes munkab\u00e9r + premium<\/span><\/li>\n<li style=\"font-weight: 400;\" aria-level=\"1\"><span style=\"font-weight: 400;\">Rugalmas munkaid\u0151, t\u00e1vmunka lehet\u0151s\u00e9ge<\/span><\/li>\n<li style=\"font-weight: 400;\" aria-level=\"1\"><span style=\"font-weight: 400;\">Rendk\u00edv\u00fcl innovat\u00edv c\u00e9gvezet\u00e9s \u00e9s dinamikusan fejl\u0151d\u0151 c\u00e9g<\/span><\/li>\n<li style=\"font-weight: 400;\" aria-level=\"1\"><span style=\"font-weight: 400;\">Inspir\u00e1l\u00f3 szakmai l\u00e9gk\u00f6r, rendszeres bels\u0151 k\u00e9pz\u00e9sek\u00a0<\/span><\/li>\n<li style=\"font-weight: 400;\" aria-level=\"1\"><span style=\"font-weight: 400;\">Csal\u00e1dias, emberi v\u00e1llalati kult\u00fara, \u00e9s p\u00e9nz\u00fcgyileg stabil h\u00e1tter\u0171 c\u00e9g<\/span><\/li>\n<li style=\"font-weight: 400;\" aria-level=\"1\"><span style=\"font-weight: 400;\">Modern irodai k\u00f6rnyezet Budapesten \u00e9s Debrecenben<\/span><\/li>\n<li style=\"font-weight: 400;\" aria-level=\"1\"><span style=\"font-weight: 400;\">J\u00f3 nev\u0171 \u00fcgyfelek (Master Good, KITE, Johnson Controls, Syngenta, Haldex, Continental, stb.)<\/span><\/li>\n<li style=\"font-weight: 400;\" aria-level=\"1\"><span style=\"font-weight: 400;\">Inspir\u00e1l\u00f3, t\u00e1mogat\u00f3 csapat \u00e9s modern technol\u00f3giai k\u00f6rnyezet.<\/span><\/li>\n<li style=\"font-weight: 400;\" aria-level=\"1\"><span style=\"font-weight: 400;\">Kih\u00edv\u00e1st jelent\u0151 projektek, ahol kreat\u00edv megold\u00e1sokra van sz\u00fcks\u00e9g.<\/span><\/li>\n<\/ul>\n<p><b>Munkav\u00e9gz\u00e9s helye:<\/b><span style=\"font-weight: 400;\">\u00a0Debrecen vagy t\u00e1vmunka<\/span><\/p>\n<p><b>Munkaid\u0151:<\/b><span style=\"font-weight: 400;\">\u00a0f\u0151\u00e1ll\u00e1s<\/span><\/p>\n<p><b>Munk\u00e1ba \u00e1ll\u00e1s kezdete:<\/b><span style=\"font-weight: 400;\"> azonnal<\/span><\/p>\n<p><b>Jelentkez\u00e9s:<\/b><span style=\"font-weight: 400;\">\u00a0 Amennyiben alkalmasnak gondolod magad a munkak\u00f6r bet\u00f6lt\u00e9s\u00e9re, v\u00e1rjuk p\u00e1ly\u00e1zatod (f\u00e9nyk\u00e9pes, magyar nyelv\u0171 \u00f6n\u00e9letrajz, b\u00e9rig\u00e9ny megjel\u00f6l\u00e9s\u00e9vel) a job@dyntell.com email c\u00edmre, a t\u00e1rgy mez\u0151ben &#8222;<\/span> <b>Senior Python Developer<\/b><span style=\"font-weight: 400;\">\u201d-k\u00e9nt megjel\u00f6lve.<\/span><\/p>\n<p>&nbsp;<\/p>\n","protected":false},"excerpt":{"rendered":"<p>A\u00a0Dyntell Software\u00a0www.dyntell.com debreceni k\u00f6zpont\u00fa\u00a0szoftverfejleszt\u0151 v\u00e1llalat, amely t\u00f6bb mint negyed \u00e9vsz\u00e1zados m\u00falttal fejleszt \u00e9s vezet be\u00a0v\u00e1llalatir\u00e1ny\u00edt\u00e1si (ERP),\u00a0 \u00fczleti intelligencia (BI) \u00e9s Machine Learning (AI) rendszereket Eur\u00f3pa sz\u00e1mos pontj\u00e1n, \u00e9s az Egyes\u00fclt \u00c1llamokban is.\u00a0 ERP rendszer\u00fcnk k\u00e9pviseli a magyar &#8222;HIGH END&#8221; kateg\u00f3ri\u00e1t, \u00fczleti adatelemz\u0151 szoftver\u00fcnk viszont nemzetk\u00f6zi \u00f6sszehasonl\u00edt\u00e1sban is meg\u00e1llja a hely\u00e9t, mert amellett, hogy tudja azt, [&hellip;]<\/p>\n<a class=\"cv-readmore\" href=\"https:\/\/karrier.dyntell.com\/index.php\/senior-python-developer\/\">Read More<\/a>","protected":false},"author":7,"featured_media":0,"parent":0,"menu_order":0,"comment_status":"closed","ping_status":"closed","template":"pagewithslider.php","meta":{"_monsterinsights_skip_tracking":false,"_monsterinsights_sitenote_active":false,"_monsterinsights_sitenote_note":"","_monsterinsights_sitenote_category":0,"footnotes":""},"class_list":["post-1587","page","type-page","status-publish","hentry"],"_links":{"self":[{"href":"https:\/\/karrier.dyntell.com\/index.php\/wp-json\/wp\/v2\/pages\/1587","targetHints":{"allow":["GET"]}}],"collection":[{"href":"https:\/\/karrier.dyntell.com\/index.php\/wp-json\/wp\/v2\/pages"}],"about":[{"href":"https:\/\/karrier.dyntell.com\/index.php\/wp-json\/wp\/v2\/types\/page"}],"author":[{"embeddable":true,"href":"https:\/\/karrier.dyntell.com\/index.php\/wp-json\/wp\/v2\/users\/7"}],"replies":[{"embeddable":true,"href":"https:\/\/karrier.dyntell.com\/index.php\/wp-json\/wp\/v2\/comments?post=1587"}],"version-history":[{"count":1,"href":"https:\/\/karrier.dyntell.com\/index.php\/wp-json\/wp\/v2\/pages\/1587\/revisions"}],"predecessor-version":[{"id":1589,"href":"https:\/\/karrier.dyntell.com\/index.php\/wp-json\/wp\/v2\/pages\/1587\/revisions\/1589"}],"wp:attachment":[{"href":"https:\/\/karrier.dyntell.com\/index.php\/wp-json\/wp\/v2\/media?parent=1587"}],"curies":[{"name":"wp","href":"https:\/\/api.w.org\/{rel}","templated":true}]}}