{"id":1526,"date":"2026-03-25T13:29:14","date_gmt":"2026-03-25T11:29:14","guid":{"rendered":"https:\/\/karrier.dyntell.com\/?page_id=1526"},"modified":"2026-03-26T15:24:39","modified_gmt":"2026-03-26T13:24:39","slug":"client-success-manager","status":"publish","type":"page","link":"https:\/\/karrier.dyntell.com\/index.php\/client-success-manager\/","title":{"rendered":"Client Success Manager"},"content":{"rendered":"<p><span style=\"font-weight: 400;\">A Dyntell Software (<\/span><a href=\"https:\/\/dyntell.com\/\"><b>www.dyntell.com<\/b><\/a><span style=\"font-weight: 400;\">) <\/span><span style=\"font-weight: 400;\">debreceni k\u00f6zpont\u00fa szoftverfejleszt\u0151 v\u00e1llalat, amely k\u00f6zel h\u00e1rom \u00e9vtizedes m\u00falttal fejleszt \u00e9s vezet be v\u00e1llalatir\u00e1ny\u00edt\u00e1si (ERP), \u00e9s \u00fczleti intelligencia (BI) \u00e9s mesters\u00e9ges intelligencia (AI) rendszereket.<\/span><\/p>\n<p><span style=\"font-weight: 400;\">Az \u00fczleti rendszerek piac\u00e1n jelenleg forradalom zajlik: a v\u00e1llalati digit\u00e1lis idegrendszer megalkot\u00e1sa, amely a mesters\u00e9ges intelligencia seg\u00edts\u00e9g\u00e9vel \u00e1t fogja alak\u00edtani a glob\u00e1lis gazdas\u00e1g m\u0171k\u00f6d\u00e9s\u00e9t.<\/span><\/p>\n<p><b>A Dyntell hitvall\u00e1sa: <\/b><span style=\"font-weight: 400;\">&#8222;K\u00f6rnyezet\u00fcnk teljes megismer\u00e9s\u00e9vel \u00e9s meg\u00e9rt\u00e9s\u00e9vel c\u00e9lunk az optim\u00e1lis m\u0171k\u00f6d\u00e9s \u00e9s egy\u00fcttm\u0171k\u00f6d\u00e9s megteremt\u00e9se, hogy egyre jobb \u00e9s jobb helly\u00e9 tegy\u00fck a vil\u00e1gunkat.&#8221;<\/span><\/p>\n<p><span style=\"font-weight: 400;\">Ennek szellem\u00e9ben k\u00f6zel 100 f\u0151 dolgozik n\u00e1lunk azon, hogy technol\u00f3gi\u00e1ban \u00e9s gazdas\u00e1gi szaktud\u00e1sban megel\u0151zve m\u00e1sokat, szolg\u00e1ltat\u00e1saink val\u00f3di, m\u00e9rhet\u0151 el\u0151nyt jelenthessenek \u00fcgyfeleink sz\u00e1m\u00e1ra. K\u00f6zel k\u00e9tmilli\u00f3 \u00f3r\u00e1t t\u00f6lt\u00f6tt\u00fcnk eddig a rendszereink fejleszt\u00e9s\u00e9vel, \u00e9s sz\u00e1zezres nagys\u00e1grend\u0171 csak rendszerek bevezet\u00e9shez kapcsol\u00f3d\u00f3 tan\u00e1csad\u00f3i napon vagyunk t\u00fal.<\/span><\/p>\n<p><span style=\"font-weight: 400;\">T\u00f6bb mint 500 \u00fcgyfel\u00fcnk itthon \u00e9s k\u00fclf\u00f6ld\u00f6n (Rom\u00e1nia, Lengyelorsz\u00e1g, Szerbia, Szlov\u00e1kia, USA) egyet\u00e9rt abban, hogy a digit\u00e1lis transzform\u00e1ci\u00f3 a termel\u00e9kenys\u00e9g n\u00f6vel\u00e9s\u00e9nek els\u0151dleges hajt\u00f3ereje.<\/span><\/p>\n<p>Most Te lehetsz az, aki \u00fcgyfeleink siker\u00e9t viszi el\u0151re \u00faj webes megold\u00e1sunkkal, a Dyntell Synergy-vel!<\/p>\n<p>&nbsp;<\/p>\n<h2>Csatlakozz a Dyntellhez, \u00e9s vezesd a digit\u00e1lis forradalmat!<\/h2>\n<p><strong>Client Success Managerk\u00e9nt<\/strong>\u00a0\u00faj \u00fcgyfeleket szerzel, \u00e9s seg\u00edtesz megl\u00e9v\u0151 partnereinknek kihozni a maximumot digit\u00e1lis megold\u00e1sainkb\u00f3l. Ha szereted az \u00e9rt\u00e9kes\u00edt\u00e9st, van IT \u00e9rz\u00e9ked, \u00e9s \u00e9lvezed, ha eredm\u00e9nyeket \u00e9rsz el, n\u00e1lunk otthonra tal\u00e1lsz! Az \u00e9rt\u00e9kes\u00edt\u00e9s els\u0151sorban a k\u00f6z\u00e9pv\u00e1llalati szektorban t\u00f6rt\u00e9nik, ahol digit\u00e1lis megold\u00e1sainkkal seg\u00edtj\u00fck partnereink termel\u00e9kenys\u00e9g\u00e9t \u00e9s n\u00f6veked\u00e9s\u00e9t.<\/p>\n<p><strong>Feladatok:<\/strong><\/p>\n<ul>\n<li>\u00daj \u00fczleti lehet\u0151s\u00e9gek felkutat\u00e1sa \u00e9s menedzsel\u00e9se<\/li>\n<li>\u00dcgyf\u00e9lkapcsolatok \u00e9p\u00edt\u00e9se \u00e9s fejleszt\u00e9se<\/li>\n<li>Kamp\u00e1nyok lebonyol\u00edt\u00e1sa csapatban<\/li>\n<li>\u00dcgyf\u00e9lig\u00e9nyek meg\u00e9rt\u00e9se \u00e9s megold\u00e1s javaslatok kidolgoz\u00e1sa<\/li>\n<\/ul>\n<p><strong>Elv\u00e1r\u00e1sok:<\/strong><\/p>\n<ul>\n<li>J\u00f3 kommunik\u00e1ci\u00f3s k\u00e9szs\u00e9g, pozit\u00edv hozz\u00e1\u00e1ll\u00e1s<\/li>\n<li>IT affinit\u00e1s<\/li>\n<li>\u00c9rt\u00e9kes\u00edt\u00e9si ter\u00fcleten el\u00e9rt sikerek<\/li>\n<li>T\u00e1rgyal\u00f3k\u00e9pes angol nyelvtud\u00e1s<\/li>\n<li>V\u00e1llalati folyamatok \u00e9s digit\u00e1lis megold\u00e1sok ismerete el\u0151ny<\/li>\n<\/ul>\n<p><strong>Amit k\u00edn\u00e1lunk:<\/strong><\/p>\n<ul>\n<li>Nemzetk\u00f6zi szint\u0171 szakmai kih\u00edv\u00e1s, hossz\u00fa t\u00e1v\u00fa karrier<\/li>\n<li>Csal\u00e1dias, t\u00e1mogat\u00f3 csapat, nem multi hangulat<\/li>\n<li>Folyamatos fejl\u0151d\u00e9si lehet\u0151s\u00e9g \u00e9s bels\u0151 k\u00e9pz\u00e9sek<\/li>\n<li>Stabil, innovat\u00edv c\u00e9g, neves \u00fcgyfelekkel (pl. Master Good, Borsodi S\u00f6rgy\u00e1r, BMW Gy\u00e1r)<\/li>\n<li>Teljes\u00edtm\u00e9nyar\u00e1nyos b\u00e9rez\u00e9s<\/li>\n<\/ul>\n<p><strong>El\u0151ny:<\/strong><\/p>\n<ul>\n<li>Az ide\u00e1lis jel\u00f6lt lakhelye Budapest 100 km-es k\u00f6rzet\u00e9n bel\u00fcl tal\u00e1lhat\u00f3<\/li>\n<\/ul>\n<p><strong>Helysz\u00edn:<\/strong>\u00a0Hibrid munkav\u00e9gz\u00e9s: heti 1 nap budapesti \u00e9s havi 1 nap debreceni irodai jelenl\u00e9ttel, a h\u00e9t t\u00f6bbi r\u00e9sz\u00e9ben otthoni munkav\u00e9gz\u00e9ssel.<\/p>\n<p><strong>Munkav\u00e9gz\u00e9s t\u00edpusa:<\/strong> f\u0151\u00e1ll\u00e1sban<br \/>\n<strong>Kezd\u00e9s:<\/strong>\u00a0Azonnal<\/p>\n<p>Ha k\u00e9szen \u00e1llsz a k\u00f6vetkez\u0151 l\u00e9p\u00e9sre, k\u00fcldd el f\u00e9nyk\u00e9pes \u00f6n\u00e9letrajzod \u00e9s b\u00e9rig\u00e9nyed a\u00a0<a href=\"mailto:job@dyntell.com\">job@dyntell.com<\/a>\u00a0c\u00edmre, t\u00e1rgy: \u201eCLIENT SUCCESS MANAGER\u201d.<\/p>\n","protected":false},"excerpt":{"rendered":"<p>A Dyntell Software (www.dyntell.com) debreceni k\u00f6zpont\u00fa szoftverfejleszt\u0151 v\u00e1llalat, amely k\u00f6zel h\u00e1rom \u00e9vtizedes m\u00falttal fejleszt \u00e9s vezet be v\u00e1llalatir\u00e1ny\u00edt\u00e1si (ERP), \u00e9s \u00fczleti intelligencia (BI) \u00e9s mesters\u00e9ges intelligencia (AI) rendszereket. Az \u00fczleti rendszerek piac\u00e1n jelenleg forradalom zajlik: a v\u00e1llalati digit\u00e1lis idegrendszer megalkot\u00e1sa, amely a mesters\u00e9ges intelligencia seg\u00edts\u00e9g\u00e9vel \u00e1t fogja alak\u00edtani a glob\u00e1lis gazdas\u00e1g m\u0171k\u00f6d\u00e9s\u00e9t. A Dyntell hitvall\u00e1sa: [&hellip;]<\/p>\n<a class=\"cv-readmore\" href=\"https:\/\/karrier.dyntell.com\/index.php\/client-success-manager\/\">Read More<\/a>","protected":false},"author":7,"featured_media":0,"parent":0,"menu_order":0,"comment_status":"closed","ping_status":"closed","template":"pagewithslider.php","meta":{"_monsterinsights_skip_tracking":false,"_monsterinsights_sitenote_active":false,"_monsterinsights_sitenote_note":"","_monsterinsights_sitenote_category":0,"footnotes":""},"class_list":["post-1526","page","type-page","status-publish","hentry"],"_links":{"self":[{"href":"https:\/\/karrier.dyntell.com\/index.php\/wp-json\/wp\/v2\/pages\/1526","targetHints":{"allow":["GET"]}}],"collection":[{"href":"https:\/\/karrier.dyntell.com\/index.php\/wp-json\/wp\/v2\/pages"}],"about":[{"href":"https:\/\/karrier.dyntell.com\/index.php\/wp-json\/wp\/v2\/types\/page"}],"author":[{"embeddable":true,"href":"https:\/\/karrier.dyntell.com\/index.php\/wp-json\/wp\/v2\/users\/7"}],"replies":[{"embeddable":true,"href":"https:\/\/karrier.dyntell.com\/index.php\/wp-json\/wp\/v2\/comments?post=1526"}],"version-history":[{"count":11,"href":"https:\/\/karrier.dyntell.com\/index.php\/wp-json\/wp\/v2\/pages\/1526\/revisions"}],"predecessor-version":[{"id":1651,"href":"https:\/\/karrier.dyntell.com\/index.php\/wp-json\/wp\/v2\/pages\/1526\/revisions\/1651"}],"wp:attachment":[{"href":"https:\/\/karrier.dyntell.com\/index.php\/wp-json\/wp\/v2\/media?parent=1526"}],"curies":[{"name":"wp","href":"https:\/\/api.w.org\/{rel}","templated":true}]}}